{"id":159,"date":"2009-05-25T22:41:21","date_gmt":"2009-05-25T20:41:21","guid":{"rendered":"http:\/\/www.ingolduniversal.com\/?page_id=159"},"modified":"2014-09-23T14:40:36","modified_gmt":"2014-09-23T12:40:36","slug":"1979-2","status":"publish","type":"page","link":"https:\/\/www.ingolduniversal.com\/?page_id=159","title":{"rendered":"-1979"},"content":{"rendered":"<p style=\"text-align: left;\">1954 *<\/p>\n<p style=\"text-align: left;\">1957<br \/>\nSputnik 1<br \/>\nZERO in D\u00fcsseldorf<\/p>\n<div id=\"attachment_1890\" style=\"width: 310px\" class=\"wp-caption alignnone\"><a href=\"https:\/\/www.ingolduniversal.com\/wp-content\/uploads\/2009\/05\/fampic005.jpg\"><img loading=\"lazy\" decoding=\"async\" aria-describedby=\"caption-attachment-1890\" class=\"size-medium wp-image-1890\" title=\"fampic005\" src=\"https:\/\/www.ingolduniversal.com\/wp-content\/uploads\/2009\/05\/fampic005-300x252.jpg\" alt=\"touch down\" width=\"300\" height=\"252\" srcset=\"https:\/\/www.ingolduniversal.com\/wp-content\/uploads\/2009\/05\/fampic005-300x252.jpg 300w, https:\/\/www.ingolduniversal.com\/wp-content\/uploads\/2009\/05\/fampic005.jpg 550w\" sizes=\"auto, (max-width: 300px) 100vw, 300px\" \/><\/a><p id=\"caption-attachment-1890\" class=\"wp-caption-text\">touch down<\/p><\/div>\n<p style=\"text-align: left;\">1959<br \/>\nFlugzeugabsturz mit Ritchie Valens, Buddy Holly und The Big Bopper an Bord<br \/>\nDocumenta II, Werner Haftmann, Arnold Bode<\/p>\n<p style=\"text-align: left;\">1960<br \/>\nOrnette Coleman: Free Jazz Collective Improvisation<\/p>\n<div id=\"attachment_1891\" style=\"width: 234px\" class=\"wp-caption alignnone\"><a href=\"https:\/\/www.ingolduniversal.com\/wp-content\/uploads\/2009\/05\/fampic009.jpg\"><img loading=\"lazy\" decoding=\"async\" aria-describedby=\"caption-attachment-1891\" class=\"size-medium wp-image-1891\" title=\"fampic009\" src=\"https:\/\/www.ingolduniversal.com\/wp-content\/uploads\/2009\/05\/fampic009-224x300.jpg\" alt=\"early transport resolutions\" width=\"224\" height=\"300\" srcset=\"https:\/\/www.ingolduniversal.com\/wp-content\/uploads\/2009\/05\/fampic009-224x300.jpg 224w, https:\/\/www.ingolduniversal.com\/wp-content\/uploads\/2009\/05\/fampic009.jpg 412w\" sizes=\"auto, (max-width: 224px) 100vw, 224px\" \/><\/a><p id=\"caption-attachment-1891\" class=\"wp-caption-text\">early transport resolutions<\/p><\/div>\n<p style=\"text-align: left;\">1961<br \/>\nWostok mit Juri Gagarin an Bord, 12. April<br \/>\nWWF<\/p>\n<p style=\"text-align: left;\">1962<br \/>\nMonbijoubr\u00fccke Bern<br \/>\nFluxus<br \/>\nYves Klein &#8211; 28.4.1928 -6.6.1962<\/p>\n<p style=\"text-align: left;\">1963<br \/>\nPiero Manzoni &#8211; 13.7.1933 &#8211; 6.2.1963<\/p>\n<p style=\"text-align: left;\">1964<br \/>\nHeureka von Jean Tinguely an der Schweizerischen Landesausstellung expo 64 in Lausanne<\/p>\n<p style=\"text-align: left;\">1965<br \/>\nEarly Bird, Molnija 1<\/p>\n<div id=\"attachment_1892\" style=\"width: 310px\" class=\"wp-caption alignnone\"><a href=\"https:\/\/www.ingolduniversal.com\/wp-content\/uploads\/2009\/05\/resli1.jpg\"><img loading=\"lazy\" decoding=\"async\" aria-describedby=\"caption-attachment-1892\" class=\"size-medium wp-image-1892\" title=\"resli1\" src=\"https:\/\/www.ingolduniversal.com\/wp-content\/uploads\/2009\/05\/resli1-300x294.jpg\" alt=\"Beginner\" width=\"300\" height=\"294\" srcset=\"https:\/\/www.ingolduniversal.com\/wp-content\/uploads\/2009\/05\/resli1-300x294.jpg 300w, https:\/\/www.ingolduniversal.com\/wp-content\/uploads\/2009\/05\/resli1.jpg 550w\" sizes=\"auto, (max-width: 300px) 100vw, 300px\" \/><\/a><p id=\"caption-attachment-1892\" class=\"wp-caption-text\">Beginner 2:1<\/p><\/div>\n<p style=\"text-align: left;\">1966<br \/>\nHans Arp &#8211; 16.9.1886 &#8211; 7.6.1966<\/p>\n<p style=\"text-align: left;\">1967<br \/>\nHarald Szeemann (11.6.1933 &#8211; 18.2.2005) l\u00e4sst Christo und Jeanne-Claude die Berner Kunsthalle verpacken<\/p>\n<p style=\"text-align: left;\">1968<br \/>\nStanley Kubrick 2001: Odyssee im Weltraum<br \/>\nDocumenta IV, Kassel<\/p>\n<p style=\"text-align: left;\">1969<br \/>\nApollo 11 Mondlandung<br \/>\nHippie-Festival Woodstock<br \/>\nbis 1974 Monty Python&#8217;s Flying Circus<br \/>\n<a href=\"http:\/\/www.aabronson.com\/art\/gi.org\/\" target=\"_blank\">General Idea<\/a><br \/>\nKunsthalle Bern: Live in your head: When Attitudes become Form\u201d Works &#8211; Concepts &#8211; Processes &#8211; Situations &#8211; Information: Die Initialz\u00fcndung.<\/p>\n<div id=\"attachment_1898\" style=\"width: 225px\" class=\"wp-caption alignnone\"><a href=\"https:\/\/www.ingolduniversal.com\/wp-content\/uploads\/2009\/05\/apollo1.jpg\"><img loading=\"lazy\" decoding=\"async\" aria-describedby=\"caption-attachment-1898\" class=\"size-medium wp-image-1898\" title=\"apollo1\" src=\"https:\/\/www.ingolduniversal.com\/wp-content\/uploads\/2009\/05\/apollo1-215x300.jpg\" alt=\"Apollo 1\" width=\"215\" height=\"300\" srcset=\"https:\/\/www.ingolduniversal.com\/wp-content\/uploads\/2009\/05\/apollo1-215x300.jpg 215w, https:\/\/www.ingolduniversal.com\/wp-content\/uploads\/2009\/05\/apollo1.jpg 395w\" sizes=\"auto, (max-width: 215px) 100vw, 215px\" \/><\/a><p id=\"caption-attachment-1898\" class=\"wp-caption-text\">Apollo 1<\/p><\/div>\n<p style=\"text-align: left;\">1970<br \/>\nMitarbeit in der Galerie Bertram Burgdorf (bis 1974)<br \/>\nJanis Joplin &#8211; 19.1.1943 &#8211; 4.10.1970, Jimmy Hendrix &#8211; 27.11.1942 &#8211; 18.9.1970<\/p>\n<p style=\"text-align: left;\">1971<br \/>\nA Clockwork Orange &#8211; Stanley Kubrick<br \/>\nGreenpeace, \u00c4rzte ohne Grenzen<br \/>\nMonty Python &#8211; And Now For Something Completely Different<br \/>\nIgor Strawinsky &#8211; 5.6. 1882 &#8211; 6.4. 1971, Jim Morrison &#8211; 8.12.1943 &#8211; 3.7.1971<\/p>\n<p style=\"text-align: left;\">1972<br \/>\nDocumenta V, Kassel<br \/>\nErste pyrotechnische Experimente mit Paul Wiedmer<br \/>\nIgor Sikorski 25.5.1889 &#8211; 26.10.1972, Andrei Tupolew 10.11.1888 &#8211; 23.12.1972<\/p>\n<p style=\"text-align: left;\">1974<br \/>\nLehrpatent in Bern<br \/>\nMalcolm Mc Laren und die Sex Pistols &#8211; Punk<br \/>\nJohannes Gachnang (30.10.1939 &#8211; 11.10.2005), Direktor der Berner Kunsthalle<\/p>\n<p style=\"text-align: left;\">1975\u00a0\u00a0\u00a0\u00a0\u00a0\u00a0\u00a0\u00a0\u00a0\u00a0\u00a0\u00a0\u00a0\u00a0\u00a0\u00a0\u00a0\u00a0\u00a0\u00a0\u00a0\u00a0\u00a0\u00a0\u00a0\u00a0\u00a0\u00a0\u00a0\u00a0\u00a0\u00a0\u00a0\u00a0\u00a0\u00a0\u00a0\u00a0\u00a0\u00a0\u00a0\u00a0\u00a0\u00a0\u00a0\u00a0\u00a0\u00a0\u00a0\u00a0\u00a0\u00a0\u00a0\u00a0\u00a0\u00a0\u00a0\u00a0\u00a0\u00a0\u00a0\u00a0\u00a0\u00a0\u00a0\u00a0\u00a0\u00a0\u00a0\u00a0\u00a0\u00a0\u00a0\u00a0\u00a0\u00a0\u00a0\u00a0\u00a0\u00a0\u00a0\u00a0\u00a0\u00a0\u00a0\u00a0\u00a0\u00a0\u00a0\u00a0\u00a0\u00a0\u00a0\u00a0\u00a0\u00a0\u00a0\u00a0\u00a0\u00a0\u00a0\u00a0\u00a0\u00a0\u00a0\u00a0\u00a0\u00a0\u00a0\u00a0\u00a0\u00a0\u00a0\u00a0\u00a0\u00a0\u00a0\u00a0\u00a0\u00a0\u00a0\u00a0\u00a0\u00a0\u00a0\u00a0\u00a0\u00a0\u00a0\u00a0\u00a0\u00a0\u00a0\u00a0\u00a0\u00a0\u00a0\u00a0\u00a0\u00a0\u00a0\u00a0\u00a0\u00a0\u00a0\u00a0\u00a0\u00a0\u00a0\u00a0\u00a0\u00a0\u00a0\u00a0\u00a0\u00a0\u00a0\u00a0 Erstes Atelier im ehemaligen H\u00fchnertstall von Schloss Reichenbach.\u00a0\u00a0\u00a0\u00a0\u00a0\u00a0\u00a0\u00a0\u00a0\u00a0 Jungesellenmaschinen in der Berner Kunsthalle.<br \/>\nUdSSR-USA Rendezvous im All<br \/>\nEiner flog \u00fcber das Kuckucksnest (Milos Forman), 120 Tage von Sodom (Pier Paolo Pasolini)<br \/>\nPier Paolo Pasolini &#8211; 5.3.1922 &#8211; 2.11.1975<\/p>\n<p style=\"text-align: left;\">1976<br \/>\nApple Computer, Inc<br \/>\nMax Ernst &#8211; 2.4.1891 &#8211; 1.4.1976<br \/>\nMarcel Broodthaers &#8211; 28.1.1924 &#8211; 28.1.1976<br \/>\nFreistilmuseum und 3. Galerie Zofingen, Christoph Gossweiler<\/p>\n<p style=\"text-align: left;\">1978<br \/>\n<a title=\"https:\/\/www.ingolduniversal.com\/?page_id=1528\" href=\"http:\/\/\" target=\"_blank\">P.A.C.K.-Vertriebe, K.K.<\/a> mit Christoph Gossweiler, Rudolf Mattes, J\u00fcrg Neuenschwander, Johann Gfeller u.a.m.<br \/>\nAktionistische Nutzung von leerstehenden Kojen an der ART Basel (Antizipation der F\u00f6rderkojen),<br \/>\nAusstellung in der General Galerie von Carlo E.Lischetti in Bern<\/p>\n<p style=\"text-align: left;\">1979<br \/>\nErste Einzelausstellung (Berner Galerie) Die k\u00fcrzesten und die l\u00e4ngsten Verbindungsgeraden zwischen den Ecken der Ausstellungsw\u00e4nde<br \/>\nPublikation &#8222;Durch Sehen&#8220; mit Ficht Tanner<br \/>\nKunstmuseum Bern, GA, Kat<br \/>\nKunsthalle Bern, GA, Kurat. J. Gachnang,Kat,\u00a0 5. Berner Ausstellung mit Mattes, Z\u00e4ch, Pozarek, Biberstein, Berger &#8211; air lines mit 4 x 1000 Meter buntem Seil, zwischen Kandelabermasten gespannt als Gerade, Kreis, Spirale und zickzack.<\/p>\n<div id=\"attachment_1894\" style=\"width: 310px\" class=\"wp-caption alignnone\"><a href=\"https:\/\/www.ingolduniversal.com\/wp-content\/uploads\/2009\/05\/khbern01.jpg\"><img loading=\"lazy\" decoding=\"async\" aria-describedby=\"caption-attachment-1894\" class=\"size-medium wp-image-1894\" title=\"khbern01\" src=\"https:\/\/www.ingolduniversal.com\/wp-content\/uploads\/2009\/05\/khbern01-300x201.jpg\" alt=\"Bern, Monbijoubr\u00fccke\" width=\"300\" height=\"201\" srcset=\"https:\/\/www.ingolduniversal.com\/wp-content\/uploads\/2009\/05\/khbern01-300x201.jpg 300w, https:\/\/www.ingolduniversal.com\/wp-content\/uploads\/2009\/05\/khbern01-550x369.jpg 550w, https:\/\/www.ingolduniversal.com\/wp-content\/uploads\/2009\/05\/khbern01.jpg 1087w\" sizes=\"auto, (max-width: 300px) 100vw, 300px\" \/><\/a><p id=\"caption-attachment-1894\" class=\"wp-caption-text\">Bern, Monbijoubr\u00fccke<\/p><\/div>\n<p style=\"text-align: left;\">Bern war in den 60-er und 70-er Jahren k\u00fcnstlerisch massgeblich durch die Kunsthalle gepr\u00e4gt. Harald Szeemann, Carlo Huber, Johannes Gachnang und Jean-Hubert Martin veranstalteten Ausstellungen, die teilweise internationales Echo fanden. Rudolf J\u00e4ggi mit der Aktionsgalerie, Toni Gerber und Lydia Megert waren Galeristen, die mit ihren Ausstellungen die k\u00fcnstlerischen Auseinandersetzungen vertieften und den neuen Entwicklungen Kontur und Kontinuit\u00e4t verleihten. Auch im Kunstmuseum wurde die Vermittlung der zeitgen\u00f6ssischen Positionen gef\u00f6rdert, neben J\u00fcrgen Glaesemer profilierten sich in dieser Zeit auch C\u00e4sar Menz und Josef Helfenstein.<\/p>\n<p style=\"text-align: left;\">Gegen Ende der 70-er Jahre wurde im Rheinland &#8222;wild&#8220; gemalt, was den Widerstand der Enkel von Bill und Lohse hervorrief und zu Konzepten, Aktionen und Installationen f\u00fchrte. &#8222;Spontiszenen&#8220; gab es nicht nur in den europ\u00e4ischen Metropolen, sondern ansatzweise auch in Bern. In diesem Umfeld angesiedelt\u00a0 war z.B. das das antimilitaristische Slapstik-Filmprojekt \u201cAm Besten nichts Neues\u201d mit Marco Morelli, Carlo Lischetti, Ursula St\u00e4uble u.a.m.\u00a0 Container TV war die erste selbstverwaltete Videogenossenschaft in Bern, mit J\u00fcrg Neuenschwander, Alex Sutter, Peter Guyer u.a.m. Die Galerie Lydia Megert zeigte u.A. regelm\u00e4ssig das Studio am Montag mit Norbert Klassen, Janet Haufler und G\u00e4sten. Marc Hostettler, Galerie m\u00e9dia Neuch\u00e2tel, liess Luc Deleu einen Triumphbogen aus Seecontainern bauen, arbeitete mit Panamarenko, Olivier Mosset, Guilaume Bijl u.a.m. Auch Michel Ritter ( 1949 &#8211; 2007), K\u00fcnstler und Kurator von fri art und sp\u00e4ter dem Centre Culturel Suisse in Paris brachte viele K\u00fcnstler zusammen, wie Roman Signer, Anna Winteler, Peter Trachsel, Christian Marclay, Alex Silber, Cecile Wick u.a.m. In Bern sind in den 70-er Jahren viele bekannte K\u00fcnstler t\u00e4tig, so z.B. Meret Oppenheim, Mariann Grunder, James Lee Byars, das Londoner Living Theatre, Markus Raetz, Herbert Distel, Dieter Roth, Franz Gertsch, George Steinmann, Raoul Marek,\u00a0 u.v.a.m.<\/p>\n","protected":false},"excerpt":{"rendered":"<p>1954 * 1957 Sputnik 1 ZERO in D\u00fcsseldorf 1959 Flugzeugabsturz mit Ritchie Valens, Buddy Holly und The Big Bopper an Bord Documenta II, Werner Haftmann, Arnold Bode 1960 Ornette Coleman: Free Jazz Collective Improvisation 1961 Wostok mit Juri Gagarin an Bord, 12. April WWF 1962 Monbijoubr\u00fccke Bern Fluxus Yves Klein &#8211; 28.4.1928 -6.6.1962 1963 Piero [&hellip;]<\/p>\n","protected":false},"author":1,"featured_media":0,"parent":89,"menu_order":1,"comment_status":"closed","ping_status":"closed","template":"","meta":{"footnotes":""},"class_list":["post-159","page","type-page","status-publish","hentry"],"_links":{"self":[{"href":"https:\/\/www.ingolduniversal.com\/index.php?rest_route=\/wp\/v2\/pages\/159","targetHints":{"allow":["GET"]}}],"collection":[{"href":"https:\/\/www.ingolduniversal.com\/index.php?rest_route=\/wp\/v2\/pages"}],"about":[{"href":"https:\/\/www.ingolduniversal.com\/index.php?rest_route=\/wp\/v2\/types\/page"}],"author":[{"embeddable":true,"href":"https:\/\/www.ingolduniversal.com\/index.php?rest_route=\/wp\/v2\/users\/1"}],"replies":[{"embeddable":true,"href":"https:\/\/www.ingolduniversal.com\/index.php?rest_route=%2Fwp%2Fv2%2Fcomments&post=159"}],"version-history":[{"count":31,"href":"https:\/\/www.ingolduniversal.com\/index.php?rest_route=\/wp\/v2\/pages\/159\/revisions"}],"predecessor-version":[{"id":837,"href":"https:\/\/www.ingolduniversal.com\/index.php?rest_route=\/wp\/v2\/pages\/159\/revisions\/837"}],"up":[{"embeddable":true,"href":"https:\/\/www.ingolduniversal.com\/index.php?rest_route=\/wp\/v2\/pages\/89"}],"wp:attachment":[{"href":"https:\/\/www.ingolduniversal.com\/index.php?rest_route=%2Fwp%2Fv2%2Fmedia&parent=159"}],"curies":[{"name":"wp","href":"https:\/\/api.w.org\/{rel}","templated":true}]}}