{"id":165,"date":"2009-05-25T22:43:37","date_gmt":"2009-05-25T20:43:37","guid":{"rendered":"http:\/\/www.ingolduniversal.com\/?page_id=165"},"modified":"2010-01-24T19:02:59","modified_gmt":"2010-01-24T17:02:59","slug":"2000-2009","status":"publish","type":"page","link":"https:\/\/www.ingolduniversal.com\/?page_id=165","title":{"rendered":"2000-2009"},"content":{"rendered":"<h5>2000<\/h5>\n<p style=\"text-align: left;\">Kunsthalle D\u00fcsseldorf, GA, Kurat. J. Harten, Kat., &#8222;Das 5. Element&#8220;<br \/>\nHamburger Kunsthalle, GA, Kurat. Frank Barth, Kat. ,&#8220;ein-r\u00e4umen&#8220;<br \/>\nKunsthaus Dresden und Festspielhaus Hellerau, GA, Kurat. Harald Kunde, Torsten Birne, Claudia Reichardt, Kat. &#8222;City Index&#8220;<br \/>\nZeppelin Museum, Friedrichshafen, EA, Kurat. Dirk Bl\u00fcbaum, Kat., &#8222;more than miles&#8220;<br \/>\nHaarlem NL, GA, &#8222;white light&#8220;<\/p>\n<p style=\"text-align: left;\">\n<div id=\"attachment_1871\" style=\"width: 310px\" class=\"wp-caption alignnone\"><a href=\"https:\/\/www.ingolduniversal.com\/wp-content\/uploads\/2009\/05\/5element02.jpg\"><img loading=\"lazy\" decoding=\"async\" aria-describedby=\"caption-attachment-1871\" class=\"size-medium wp-image-1871\" title=\"5element02\" src=\"https:\/\/www.ingolduniversal.com\/wp-content\/uploads\/2009\/05\/5element02-300x204.jpg\" alt=\"das 5. element\" width=\"300\" height=\"204\" srcset=\"https:\/\/www.ingolduniversal.com\/wp-content\/uploads\/2009\/05\/5element02-300x204.jpg 300w, https:\/\/www.ingolduniversal.com\/wp-content\/uploads\/2009\/05\/5element02-550x374.jpg 550w, https:\/\/www.ingolduniversal.com\/wp-content\/uploads\/2009\/05\/5element02.jpg 600w\" sizes=\"auto, (max-width: 300px) 100vw, 300px\" \/><\/a><p id=\"caption-attachment-1871\" class=\"wp-caption-text\">das 5. element<\/p><\/div>\n<h5>2001<\/h5>\n<p style=\"text-align: left;\">fraport, art fra, MAK Museum f\u00fcr angewandtte Kunst,<br \/>\nCoop Galerie Beckers Frankfurt und media transfer gmbh, Darmstadt<br \/>\nKunsthaus Grenchen, GA, Kurat. Dolores Denaro, &#8222;Up in the Sky&#8220;<\/p>\n<p style=\"text-align: left;\">\n<div id=\"attachment_1872\" style=\"width: 310px\" class=\"wp-caption alignnone\"><a href=\"https:\/\/www.ingolduniversal.com\/wp-content\/uploads\/2009\/05\/artfra3.jpg\"><img loading=\"lazy\" decoding=\"async\" aria-describedby=\"caption-attachment-1872\" class=\"size-medium wp-image-1872\" title=\"artfra3\" src=\"https:\/\/www.ingolduniversal.com\/wp-content\/uploads\/2009\/05\/artfra3-300x201.jpg\" alt=\"Reiseoptimat\" width=\"300\" height=\"201\" srcset=\"https:\/\/www.ingolduniversal.com\/wp-content\/uploads\/2009\/05\/artfra3-300x201.jpg 300w, https:\/\/www.ingolduniversal.com\/wp-content\/uploads\/2009\/05\/artfra3.jpg 550w\" sizes=\"auto, (max-width: 300px) 100vw, 300px\" \/><\/a><p id=\"caption-attachment-1872\" class=\"wp-caption-text\">Reiseoptimat<\/p><\/div>\n<h5>2002<\/h5>\n<p style=\"text-align: left;\">&#8222;Kopfreisen&#8220; im Seedamm Kulturzentrum Pf\u00e4ffikon und Kunstmuseum Bern,\u00a0 curated by Daniel Baumann, catalogue available<br \/>\nExpo 2002 Schweiz, GA, Kat., &#8222;artcanal&#8220;<br \/>\n&#8222;Aeroporto di Topol\u00f2&#8220; at Stazione di Topol\u00f2, annual festival, curated by Donatella Ruttar and Moreno Miorelli, catalogue available<br \/>\nKunst- und Ausstellungshaller der BRD, Bonn, Kongress , Kurat. Bernd Busch, Kat., &#8222;Luft&#8220;<br \/>\nGalerie Haldemann, Bern, DA mit Paul Wiedmer, &#8222;Porzellan&#8220;<br \/>\nPalazzo dei Papi, Montefiascone, GA<\/p>\n<p style=\"text-align: left;\">\n<div id=\"attachment_1878\" style=\"width: 310px\" class=\"wp-caption alignnone\"><a href=\"https:\/\/www.ingolduniversal.com\/wp-content\/uploads\/2009\/05\/artcanal01.jpg\"><img loading=\"lazy\" decoding=\"async\" aria-describedby=\"caption-attachment-1878\" class=\"size-medium wp-image-1878\" title=\"artcanal01\" src=\"https:\/\/www.ingolduniversal.com\/wp-content\/uploads\/2009\/05\/artcanal01-300x199.jpg\" alt=\"artcanal, Hamsterpaaradies Schweiz\" width=\"300\" height=\"199\" srcset=\"https:\/\/www.ingolduniversal.com\/wp-content\/uploads\/2009\/05\/artcanal01-300x199.jpg 300w, https:\/\/www.ingolduniversal.com\/wp-content\/uploads\/2009\/05\/artcanal01.jpg 550w\" sizes=\"auto, (max-width: 300px) 100vw, 300px\" \/><\/a><p id=\"caption-attachment-1878\" class=\"wp-caption-text\">artcanal, Hamsterpaaradies Schweiz<\/p><\/div>\n<p style=\"text-align: left;\">2003<\/p>\n<p style=\"text-align: left;\">&#8222;Benchmarking Project&#8220; &#8211; Namsan Park &amp; Peace Park Seoul, group show, Swiss Embassy &amp; Laurence Geoffrey&#8217;s Ltd, catalogue available<br \/>\nnn fabrik Oslip, Installation Ankerplatz LZ-NT<br \/>\nM\u00f4tiers art en plein air 2003, catalogue available<br \/>\n&#8222;wings of art&#8220;, Kunsthalle Darmstadt, Ludwig Forum Aachen, curated by Annette Lagler, Peter Joch, catalogue available<\/p>\n<p style=\"text-align: left;\">\n<div id=\"attachment_1880\" style=\"width: 310px\" class=\"wp-caption alignnone\"><a href=\"https:\/\/www.ingolduniversal.com\/wp-content\/uploads\/2009\/05\/wings01.jpg\"><img loading=\"lazy\" decoding=\"async\" aria-describedby=\"caption-attachment-1880\" class=\"size-medium wp-image-1880\" title=\"wings01\" src=\"https:\/\/www.ingolduniversal.com\/wp-content\/uploads\/2009\/05\/wings01-300x225.jpg\" alt=\"cooperation R\u00fcdiger Haude - Grenzfl\u00fcge\" width=\"300\" height=\"225\" srcset=\"https:\/\/www.ingolduniversal.com\/wp-content\/uploads\/2009\/05\/wings01-300x225.jpg 300w, https:\/\/www.ingolduniversal.com\/wp-content\/uploads\/2009\/05\/wings01.jpg 550w\" sizes=\"auto, (max-width: 300px) 100vw, 300px\" \/><\/a><p id=\"caption-attachment-1880\" class=\"wp-caption-text\">cooperation R\u00fcdiger Haude - Grenzfl\u00fcge<\/p><\/div>\n<p style=\"text-align: left;\">2003 <a href=\"http:\/\/www.das-loch.net\/das_loch\/das_loch_dok\/heliport\/heliport.htm\" target=\"_blank\"><\/a><\/p>\n<p style=\"text-align: left;\"><a href=\"http:\/\/www.das-loch.net\/das_loch\/das_loch_dok\/heliport\/heliport.htm\" target=\"_blank\">das loch<\/a><\/p>\n<p style=\"text-align: left;\">\n<div id=\"attachment_1881\" style=\"width: 310px\" class=\"wp-caption alignnone\"><a href=\"https:\/\/www.ingolduniversal.com\/wp-content\/uploads\/2009\/05\/dasloch01.jpg\"><img loading=\"lazy\" decoding=\"async\" aria-describedby=\"caption-attachment-1881\" class=\"size-medium wp-image-1881\" title=\"dasloch01\" src=\"https:\/\/www.ingolduniversal.com\/wp-content\/uploads\/2009\/05\/dasloch01-300x225.jpg\" alt=\"Initiative Haubrich-Forum\" width=\"300\" height=\"225\" srcset=\"https:\/\/www.ingolduniversal.com\/wp-content\/uploads\/2009\/05\/dasloch01-300x225.jpg 300w, https:\/\/www.ingolduniversal.com\/wp-content\/uploads\/2009\/05\/dasloch01-550x412.jpg 550w, https:\/\/www.ingolduniversal.com\/wp-content\/uploads\/2009\/05\/dasloch01.jpg 640w\" sizes=\"auto, (max-width: 300px) 100vw, 300px\" \/><\/a><p id=\"caption-attachment-1881\" class=\"wp-caption-text\">Initiative Haubrich-Forum<\/p><\/div>\n<p style=\"text-align: left;\">2004<br \/>\nSchweiz. Inst. f\u00fcr Kunstwissenschaft Z\u00fcrich, Kongress &#8222;art + branding&#8220;, Kurat. Kornelia Imesch,<br \/>\n&#8222;arp heliport&#8220;, Arp Museum Rolandseck, curated by Raimund Stecker, Jutta Mattern<\/p>\n<p style=\"text-align: left;\">\n<div id=\"attachment_1882\" style=\"width: 310px\" class=\"wp-caption alignnone\"><a href=\"https:\/\/www.ingolduniversal.com\/wp-content\/uploads\/2009\/05\/arport01.jpg\"><img loading=\"lazy\" decoding=\"async\" aria-describedby=\"caption-attachment-1882\" class=\"size-medium wp-image-1882\" title=\"heliport by Res Ingold, Arp Museum Bahnhof Rolandseck, Deutschland, Foto Claudia G\u00f6rres\" src=\"https:\/\/www.ingolduniversal.com\/wp-content\/uploads\/2009\/05\/arport01-300x196.jpg\" alt=\"Bahnhof, F\u00e4hrschiffhafen, Autobahnzubringer und Luftanschluss\" width=\"300\" height=\"196\" srcset=\"https:\/\/www.ingolduniversal.com\/wp-content\/uploads\/2009\/05\/arport01-300x196.jpg 300w, https:\/\/www.ingolduniversal.com\/wp-content\/uploads\/2009\/05\/arport01.jpg 550w\" sizes=\"auto, (max-width: 300px) 100vw, 300px\" \/><\/a><p id=\"caption-attachment-1882\" class=\"wp-caption-text\">Bahnhof, F\u00e4hrschiffhafen, Autobahnzubringer und Luftfahrtanschluss<\/p><\/div>\n<p style=\"text-align: left;\">2005<br \/>\nMass MoCa, North Adams, USA, GA, &#8222;trade show&#8220;<\/p>\n<p style=\"text-align: left;\"><a href=\"http:\/\/www.kunsthaus-nuernberg.de\/img_folge\/ingold.pdf\" target=\"_blank\">teleport<\/a> + Fairy Jet Gyrodyne, Kunsthaus N\u00fcrnberg und &#8222;Blaue Nacht&#8220;, curated by Petra Weigle (Instituit f\u00fcr moderne Kunst N\u00fcrnberg) and Gerti K\u00f6hn, Kulturreferat.<\/p>\n<p style=\"text-align: left;\">\n<div id=\"attachment_1883\" style=\"width: 310px\" class=\"wp-caption alignnone\"><a href=\"https:\/\/www.ingolduniversal.com\/wp-content\/uploads\/2009\/05\/bluenait.jpg\"><img loading=\"lazy\" decoding=\"async\" aria-describedby=\"caption-attachment-1883\" class=\"size-medium wp-image-1883\" title=\"bluenait\" src=\"https:\/\/www.ingolduniversal.com\/wp-content\/uploads\/2009\/05\/bluenait-300x225.jpg\" alt=\"waiting for the fairy jet gyrodyne\" width=\"300\" height=\"225\" srcset=\"https:\/\/www.ingolduniversal.com\/wp-content\/uploads\/2009\/05\/bluenait-300x225.jpg 300w, https:\/\/www.ingolduniversal.com\/wp-content\/uploads\/2009\/05\/bluenait.jpg 550w\" sizes=\"auto, (max-width: 300px) 100vw, 300px\" \/><\/a><p id=\"caption-attachment-1883\" class=\"wp-caption-text\">waiting for the fairy jet gyrodyne<\/p><\/div>\n<p style=\"text-align: left;\">\n<p style=\"text-align: left;\">\n<p style=\"text-align: left;\">2006<br \/>\nCentre PasquArt Biel, CH, GA, &#8222;branding&#8220;, Kurat. Dolores Denaro, Kat.<br \/>\n&#8222;art canal fluid&#8220;, GA, Schweiz, Korea, Deutschland, Kat.<\/p>\n<p style=\"text-align: left;\">\n<div id=\"attachment_1884\" style=\"width: 310px\" class=\"wp-caption alignnone\"><a href=\"https:\/\/www.ingolduniversal.com\/wp-content\/uploads\/2009\/05\/artcanal-23.jpg\"><img loading=\"lazy\" decoding=\"async\" aria-describedby=\"caption-attachment-1884\" class=\"size-medium wp-image-1884\" title=\"artcanal-23\" src=\"https:\/\/www.ingolduniversal.com\/wp-content\/uploads\/2009\/05\/artcanal-23-300x225.jpg\" alt=\"Fischtr\u00e4nke\" width=\"300\" height=\"225\" srcset=\"https:\/\/www.ingolduniversal.com\/wp-content\/uploads\/2009\/05\/artcanal-23-300x225.jpg 300w, https:\/\/www.ingolduniversal.com\/wp-content\/uploads\/2009\/05\/artcanal-23.jpg 550w\" sizes=\"auto, (max-width: 300px) 100vw, 300px\" \/><\/a><p id=\"caption-attachment-1884\" class=\"wp-caption-text\">Fischtr\u00e4nke<\/p><\/div>\n<p style=\"text-align: left;\">2007<br \/>\nGalerie Miralli, Viterbo I. GA<br \/>\nHeinde (Hildesheim), GA, Kurat. Christine Biehler<br \/>\nHerbert-Gerisch-Skulpturernpark, Neum\u00fcnster, GA, Slg, Kurat. Martin Henatsch<\/p>\n<p style=\"text-align: left;\">\n<div id=\"attachment_1885\" style=\"width: 310px\" class=\"wp-caption alignnone\"><a href=\"https:\/\/www.ingolduniversal.com\/wp-content\/uploads\/2009\/05\/montefia.jpg\"><img loading=\"lazy\" decoding=\"async\" aria-describedby=\"caption-attachment-1885\" class=\"size-medium wp-image-1885\" title=\"montefia\" src=\"https:\/\/www.ingolduniversal.com\/wp-content\/uploads\/2009\/05\/montefia-300x230.jpg\" alt=\"Palazzo dei Papi, Montefiascone\" width=\"300\" height=\"230\" srcset=\"https:\/\/www.ingolduniversal.com\/wp-content\/uploads\/2009\/05\/montefia-300x230.jpg 300w, https:\/\/www.ingolduniversal.com\/wp-content\/uploads\/2009\/05\/montefia.jpg 550w\" sizes=\"auto, (max-width: 300px) 100vw, 300px\" \/><\/a><p id=\"caption-attachment-1885\" class=\"wp-caption-text\">Palazzo dei Papi, Montefiascone<\/p><\/div>\n<p style=\"text-align: left;\">2008<br \/>\nKunst- und Ausstellungshalle, Bonn &#8222;50 Jahre ingold airlines&#8220;<br \/>\nDresden, Hochschule f\u00fcr Bildende K\u00fcnste, \u201e\u00dcberall ist es besser, wo wir nicht sind.\u201c<br \/>\n&#8222;Nationale Kunstausstellung&#8220;, Kaufdorf, (Autofriedhof Messerli, Kurat. Heinrich Gartentor)<\/p>\n<p style=\"text-align: left;\">\n<div id=\"attachment_1886\" style=\"width: 234px\" class=\"wp-caption alignnone\"><a href=\"https:\/\/www.ingolduniversal.com\/wp-content\/uploads\/2009\/05\/sputnix1.jpg\"><img loading=\"lazy\" decoding=\"async\" aria-describedby=\"caption-attachment-1886\" class=\"size-medium wp-image-1886\" title=\"sputnix1\" src=\"https:\/\/www.ingolduniversal.com\/wp-content\/uploads\/2009\/05\/sputnix1-224x300.jpg\" alt=\"\u041d\u0438\u043a\u0438\u0442\u0430 \u0421\u0435\u0440\u0433\u0435\u0435\u0432\u0438\u0447 \u0425\u0440\u0443\u0449\u0451\u0432\" width=\"224\" height=\"300\" srcset=\"https:\/\/www.ingolduniversal.com\/wp-content\/uploads\/2009\/05\/sputnix1-224x300.jpg 224w, https:\/\/www.ingolduniversal.com\/wp-content\/uploads\/2009\/05\/sputnix1.jpg 411w\" sizes=\"auto, (max-width: 224px) 100vw, 224px\" \/><\/a><p id=\"caption-attachment-1886\" class=\"wp-caption-text\">\u041d\u0438\u043a\u0438\u0442\u0430 \u0421\u0435\u0440\u0433\u0435\u0435\u0432\u0438\u0447 \u0425\u0440\u0443\u0449\u0451\u0432<\/p><\/div>\n<p style=\"text-align: left;\">2009<br \/>\nJuras\u00fcdfuss-Komplott, Solothurn, Korporative Partizipation<br \/>\n(ac)cenni di (con)temporaneo \u201909, Civitella d&#8217;Agliano I, GA, Kurart Massimo Lucarelli, Elena Rosati und Samuele Vesuvio<br \/>\nVideoex Festival in Z\u00fcrich (23 &#8211; 31 Mai), &#8222;Ce qui manque \u00e0 celui qui poss\u00e8de&#8220;, 1984<\/p>\n<p style=\"text-align: left;\">\n<div id=\"attachment_1887\" style=\"width: 310px\" class=\"wp-caption alignnone\"><a href=\"https:\/\/www.ingolduniversal.com\/wp-content\/uploads\/2009\/05\/paris-023.jpg\"><img loading=\"lazy\" decoding=\"async\" aria-describedby=\"caption-attachment-1887\" class=\"size-medium wp-image-1887\" title=\"paris-023\" src=\"https:\/\/www.ingolduniversal.com\/wp-content\/uploads\/2009\/05\/paris-023-300x200.jpg\" alt=\"critical companies\" width=\"300\" height=\"200\" srcset=\"https:\/\/www.ingolduniversal.com\/wp-content\/uploads\/2009\/05\/paris-023-300x200.jpg 300w, https:\/\/www.ingolduniversal.com\/wp-content\/uploads\/2009\/05\/paris-023.jpg 550w\" sizes=\"auto, (max-width: 300px) 100vw, 300px\" \/><\/a><p id=\"caption-attachment-1887\" class=\"wp-caption-text\">critical companies<\/p><\/div>\n<p style=\"text-align: left;\"><a href=\"http:\/\/www.das-loch.net\/das_loch\/das_loch_dok\/heliport\/heliport.htm\" target=\"_blank\"><\/a><\/p>\n","protected":false},"excerpt":{"rendered":"<p>2000 Kunsthalle D\u00fcsseldorf, GA, Kurat. J. Harten, Kat., &#8222;Das 5. Element&#8220; Hamburger Kunsthalle, GA, Kurat. Frank Barth, Kat. ,&#8220;ein-r\u00e4umen&#8220; Kunsthaus Dresden und Festspielhaus Hellerau, GA, Kurat. Harald Kunde, Torsten Birne, Claudia Reichardt, Kat. &#8222;City Index&#8220; Zeppelin Museum, Friedrichshafen, EA, Kurat. Dirk Bl\u00fcbaum, Kat., &#8222;more than miles&#8220; Haarlem NL, GA, &#8222;white light&#8220; 2001 fraport, art fra, [&hellip;]<\/p>\n","protected":false},"author":1,"featured_media":0,"parent":89,"menu_order":4,"comment_status":"closed","ping_status":"closed","template":"","meta":{"footnotes":""},"class_list":["post-165","page","type-page","status-publish","hentry"],"_links":{"self":[{"href":"https:\/\/www.ingolduniversal.com\/index.php?rest_route=\/wp\/v2\/pages\/165","targetHints":{"allow":["GET"]}}],"collection":[{"href":"https:\/\/www.ingolduniversal.com\/index.php?rest_route=\/wp\/v2\/pages"}],"about":[{"href":"https:\/\/www.ingolduniversal.com\/index.php?rest_route=\/wp\/v2\/types\/page"}],"author":[{"embeddable":true,"href":"https:\/\/www.ingolduniversal.com\/index.php?rest_route=\/wp\/v2\/users\/1"}],"replies":[{"embeddable":true,"href":"https:\/\/www.ingolduniversal.com\/index.php?rest_route=%2Fwp%2Fv2%2Fcomments&post=165"}],"version-history":[{"count":11,"href":"https:\/\/www.ingolduniversal.com\/index.php?rest_route=\/wp\/v2\/pages\/165\/revisions"}],"predecessor-version":[{"id":446,"href":"https:\/\/www.ingolduniversal.com\/index.php?rest_route=\/wp\/v2\/pages\/165\/revisions\/446"}],"up":[{"embeddable":true,"href":"https:\/\/www.ingolduniversal.com\/index.php?rest_route=\/wp\/v2\/pages\/89"}],"wp:attachment":[{"href":"https:\/\/www.ingolduniversal.com\/index.php?rest_route=%2Fwp%2Fv2%2Fmedia&parent=165"}],"curies":[{"name":"wp","href":"https:\/\/api.w.org\/{rel}","templated":true}]}}