{"id":2268,"date":"2011-12-13T10:20:27","date_gmt":"2011-12-13T08:20:27","guid":{"rendered":"http:\/\/www.ingolduniversal.com\/?page_id=2268"},"modified":"2015-12-02T14:22:18","modified_gmt":"2015-12-02T12:22:18","slug":"capital-increase","status":"publish","type":"page","link":"https:\/\/www.ingolduniversal.com\/?page_id=2268","title":{"rendered":"capital increase"},"content":{"rendered":"<div id=\"attachment_2398\" style=\"width: 310px\" class=\"wp-caption alignleft\"><img loading=\"lazy\" decoding=\"async\" aria-describedby=\"caption-attachment-2398\" class=\"size-medium wp-image-2398\" title=\"hamster warrant\" src=\"https:\/\/www.ingolduniversal.com\/wp-content\/uploads\/2011\/12\/hamster-warrant-300x212.jpg\" alt=\"\" width=\"300\" height=\"212\" srcset=\"https:\/\/www.ingolduniversal.com\/wp-content\/uploads\/2011\/12\/hamster-warrant-300x212.jpg 300w, https:\/\/www.ingolduniversal.com\/wp-content\/uploads\/2011\/12\/hamster-warrant.jpg 550w\" sizes=\"auto, (max-width: 300px) 100vw, 300px\" \/><p id=\"caption-attachment-2398\" class=\"wp-caption-text\">cricetus cricetus<\/p><\/div>\n<p>&nbsp;<\/p>\n<p>&nbsp;<\/p>\n<p>&nbsp;<\/p>\n<p>&nbsp;<\/p>\n<p>&nbsp;<\/p>\n<p>&nbsp;<\/p>\n<p>&nbsp;<\/p>\n<p>&nbsp;<\/p>\n<p>&nbsp;<\/p>\n<p>&nbsp;<\/p>\n<p style=\"text-align: left;\">Die Selbstemmission stellt eine Form der Kapitalgew\u00e4hrung dar, die unabh\u00e4ngig von staatlichen Aufsichten operiert und daher gr\u00f6ssere Risiken abdecken kann, als die Ratingagenturen vorsehen. Sie stellt einen Handlungsspielraum f\u00fcr Aktivit\u00e4ten her, deren Hebelwirkung den Fonds st\u00e4rken und Zuw\u00e4chse in mehreren Potenzen verschaffen. Die Ver\u00f6ffentlichung erfolgt im Rahmen der Regularien der Emittenten\u00a0und umgeht damit die B\u00f6rsenpflicht.<\/p>\n<p style=\"text-align: left;\">Die Beteiligung ist nicht f\u00fcr Personen bestimmt, die einem Gerichtsstand unterstehen, der die Ver\u00f6ffentlichung der anlagerelevanten Informationen des hedgefonds verbietet. Sie ist auch nicht f\u00fcr Personen bestimmt, die in einem juristischen Abh\u00e4ngigkeitsverh\u00e4ltnis stehen, das ihre Entscheidungsbefugnisse beschr\u00e4nkt oder anzweifelt. Personen, die aus Veranlagungsgr\u00fcnden Humor vermeiden oder auf Spiele mit Risikoeinsatz verzichten, fallen unter den Ausschlussindex. Wer einer solchen Rechtsordnung untersteht, liest und handelt auf eigene Verantwortung weiter.<\/p>\n<p style=\"text-align: left;\">Wer die juristischen und materiellen Voraussetzungen erf\u00fcllt, hat als Investor die M\u00f6glichkeit, von den Verm\u00f6genswerten des hedgefonds von ingold universal enterprises zu profitieren. Die Vorteile dieser Kapitalbeschaffung liegen auf der\u00a0Investorenseite in einer Wertsteigerung des Anlagebesitzes und einem Repr\u00e4sentationszuwachs. Der effektive Gewinn besteht aus einem Verm\u00f6gensanstieg durch das Anteilseigentum.<\/p>\n<p style=\"text-align: left;\">Der Anlagepool thesauriert die Ertr\u00e4ge und bezweckt mit der Kapitalbeschaffung ein Doppelziel. Die Aufstockung schafft den Emittenten wirtschaftliche Bewegungsfreiheit und erzielt eine Dynamisierung der Anlegeraktivit\u00e4ten. Die Ertr\u00e4ge sind immaterieller Art und werden dem Kapital zugeschlagen, so dass der Wert der Fondsanteile steigt.<\/p>\n<div id=\"attachment_2390\" style=\"width: 310px\" class=\"wp-caption alignleft\"><img loading=\"lazy\" decoding=\"async\" aria-describedby=\"caption-attachment-2390\" class=\"size-medium wp-image-2390\" title=\"crashbill\" src=\"https:\/\/www.ingolduniversal.com\/wp-content\/uploads\/2011\/12\/crashbill-300x212.jpg\" alt=\"\" width=\"300\" height=\"212\" srcset=\"https:\/\/www.ingolduniversal.com\/wp-content\/uploads\/2011\/12\/crashbill-300x212.jpg 300w, https:\/\/www.ingolduniversal.com\/wp-content\/uploads\/2011\/12\/crashbill.jpg 550w\" sizes=\"auto, (max-width: 300px) 100vw, 300px\" \/><p id=\"caption-attachment-2390\" class=\"wp-caption-text\">value sheet<\/p><\/div>\n","protected":false},"excerpt":{"rendered":"<p>&nbsp; &nbsp; &nbsp; &nbsp; &nbsp; &nbsp; &nbsp; &nbsp; &nbsp; &nbsp; Die Selbstemmission stellt eine Form der Kapitalgew\u00e4hrung dar, die unabh\u00e4ngig von staatlichen Aufsichten operiert und daher gr\u00f6ssere Risiken abdecken kann, als die Ratingagenturen vorsehen. Sie stellt einen Handlungsspielraum f\u00fcr Aktivit\u00e4ten her, deren Hebelwirkung den Fonds st\u00e4rken und Zuw\u00e4chse in mehreren Potenzen verschaffen. Die Ver\u00f6ffentlichung erfolgt [&hellip;]<\/p>\n","protected":false},"author":1,"featured_media":0,"parent":3054,"menu_order":80,"comment_status":"open","ping_status":"closed","template":"","meta":{"footnotes":""},"class_list":["post-2268","page","type-page","status-publish","hentry"],"_links":{"self":[{"href":"https:\/\/www.ingolduniversal.com\/index.php?rest_route=\/wp\/v2\/pages\/2268","targetHints":{"allow":["GET"]}}],"collection":[{"href":"https:\/\/www.ingolduniversal.com\/index.php?rest_route=\/wp\/v2\/pages"}],"about":[{"href":"https:\/\/www.ingolduniversal.com\/index.php?rest_route=\/wp\/v2\/types\/page"}],"author":[{"embeddable":true,"href":"https:\/\/www.ingolduniversal.com\/index.php?rest_route=\/wp\/v2\/users\/1"}],"replies":[{"embeddable":true,"href":"https:\/\/www.ingolduniversal.com\/index.php?rest_route=%2Fwp%2Fv2%2Fcomments&post=2268"}],"version-history":[{"count":18,"href":"https:\/\/www.ingolduniversal.com\/index.php?rest_route=\/wp\/v2\/pages\/2268\/revisions"}],"predecessor-version":[{"id":2799,"href":"https:\/\/www.ingolduniversal.com\/index.php?rest_route=\/wp\/v2\/pages\/2268\/revisions\/2799"}],"up":[{"embeddable":true,"href":"https:\/\/www.ingolduniversal.com\/index.php?rest_route=\/wp\/v2\/pages\/3054"}],"wp:attachment":[{"href":"https:\/\/www.ingolduniversal.com\/index.php?rest_route=%2Fwp%2Fv2%2Fmedia&parent=2268"}],"curies":[{"name":"wp","href":"https:\/\/api.w.org\/{rel}","templated":true}]}}