{"id":3440,"date":"2025-03-16T14:46:00","date_gmt":"2025-03-16T12:46:00","guid":{"rendered":"https:\/\/www.ingolduniversal.com\/?page_id=3440"},"modified":"2025-02-17T12:01:05","modified_gmt":"2025-02-17T10:01:05","slug":"ingold-universal-editions","status":"publish","type":"page","link":"https:\/\/www.ingolduniversal.com\/?page_id=3440","title":{"rendered":"ingold universal editions"},"content":{"rendered":"\n<h2 class=\"wp-block-heading\">fliege, was fliegen kann.<\/h2>\n\n\n\n<p><\/p>\n\n\n\n<p><\/p>\n\n\n\n<figure class=\"wp-block-image size-large is-resized\"><img loading=\"lazy\" decoding=\"async\" width=\"422\" height=\"550\" src=\"https:\/\/www.ingolduniversal.com\/wp-content\/uploads\/2025\/02\/Umschlag-front-422x550.jpg\" alt=\"\" class=\"wp-image-3449\" style=\"width:238px;height:auto\" srcset=\"https:\/\/www.ingolduniversal.com\/wp-content\/uploads\/2025\/02\/Umschlag-front-422x550.jpg 422w, https:\/\/www.ingolduniversal.com\/wp-content\/uploads\/2025\/02\/Umschlag-front-230x300.jpg 230w, https:\/\/www.ingolduniversal.com\/wp-content\/uploads\/2025\/02\/Umschlag-front.jpg 666w\" sizes=\"auto, (max-width: 422px) 100vw, 422px\" \/><\/figure>\n\n\n\n<p class=\"has-text-align-left\">Ein Buch \u00fcber Kunst und das Fliegen im Anthropoz\u00e4n.<br>232 Seiten 21 x 26 cm 170 Bilder<br>Subskriptionsangebot 30,- Euro<br>bis 12.April 2025 (plus Versand)<br>danach 38,- Euro<\/p>\n\n\n\n<p><br>Ingold Universal Editions <\/p>\n\n\n\n<p>ISBN 978-3-00-081730-4<\/p>\n\n\n\n<p>Res Ingold    K\u00f6ln 2025 <br><\/p>\n\n\n\n<p class=\"has-text-align-left\">Fliegen als \u00dcberwindung von Sachzw\u00e4ngen und Limits, sowie als Motiv f\u00fcr k\u00fcnstlerische Inspiration. <\/p>\n\n\n\n<p class=\"has-text-align-left\">Eine Revue durch die Geschichte und Hintergr\u00fcnde der Schwerkraft\u00fcberwindung und ein Handbuch f\u00fcr Gedankenfl\u00fcge und Zeitreisen. Die Publikation geht der Frage nach, ob das Fliegen eine moderne Erfindung ist, oder eine eher zuf\u00e4llig entstandene, zwangsl\u00e4ufige Folge evolution\u00e4rer und theoretischer M\u00f6glichkeiten.<\/p>\n\n\n\n<p class=\"has-text-align-left\"><br>Ist die heute selbstverst\u00e4ndliche Form des Fliegens eine bleibende Errungenschaft, oder doch eher eine \u00dcbergangsl\u00f6sung?<\/p>\n\n\n\n<p><br>Bestellungen per E-mail an <a href=\"mailto:ingolduniversal@gmail.com\">ingolduniversal@gmail.com<\/a><br><\/p>\n\n\n\n<p>oder per Post an<br>Ingold Universal Editions <\/p>\n\n\n\n<p>Lindenstrasse 82 <\/p>\n\n\n\n<p>50674 K\u00f6ln<\/p>\n\n\n\n<p><\/p>\n\n\n\n<p><\/p>\n\n\n\n<p><\/p>\n\n\n\n<p><\/p>\n\n\n\n<p>Aus dem Inhalt:<\/p>\n\n\n\n<p class=\"has-text-align-left\"><strong>Das Motiv<\/strong> \u2013 Volo, quindi voglio.<br>Mythen, Geschichten, Techniken des Fliegens.<br>Anspr\u00fcche und Qualit\u00e4ten.<br><strong>Marian Wild<\/strong> \u00fcber das Lesen als Fliegen.<\/p>\n\n\n\n<p class=\"has-text-align-left\"><br><strong>Elemente und Kr\u00e4fte<\/strong> \u2013 Evolution und Konsequenzen des Zufalls. <\/p>\n\n\n\n<p class=\"has-text-align-left\"><strong>Cord Riechelmann<\/strong> \u00fcber die Luft.<br><strong>Helmut H\u00f6ge<\/strong> \u00fcber Flughunde.<\/p>\n\n\n\n<p class=\"has-text-align-left\"><br><strong>Orientierung<\/strong> \u2013 Navigation und Kosmographie.<br>Versuche, Ur\u00e4ngste durch \u00dcberwindung zu b\u00e4ndigen. <\/p>\n\n\n\n<p class=\"has-text-align-left\">Denken in Netzwerken.<br><strong>Theologie der Aeronautik<\/strong> &#8211; Santi volanti.<br><strong>Martin Stankowski<\/strong> \u00ad\u00fcber heilige Flieger.<\/p>\n\n\n\n<p class=\"has-text-align-left\"><br><strong>Kunst und Fliegen<\/strong> \u2013 Pionier:innen.<br>Abh\u00e4ngigkeit und Emanzipation.<br>Fliegen als Forschung und Abenteuer.<\/p>\n\n\n\n<p class=\"has-text-align-left\"><br><strong>Accessibility<\/strong> \u2013 Reise und Experiment. <\/p>\n\n\n\n<p class=\"has-text-align-left\">Der Himmel ist weder frei zug\u00e4nglich, noch f\u00fcr<br>alle offen. Die makabere Originalit\u00e4t des Crashes.<\/p>\n\n\n\n<p class=\"has-text-align-left\"><br><strong>Antrieb, Treibstoff, Hebemittel<\/strong> \u2013 Die Macht der schwachen Kr\u00e4fte. <\/p>\n\n\n\n<p class=\"has-text-align-left\">Biofuels und Asteriske.<\/p>\n\n\n\n<p class=\"has-text-align-left\"><br><strong>Grammatik und Fixpencil<\/strong> \u2013 Thermik der Ironie.<br><strong>Ingrid Bach\u00e9r<\/strong> Entfernungen sind Windm\u00fchlen. <\/p>\n\n\n\n<p class=\"has-text-align-left\">Reise und Experiment.<\/p>\n\n\n\n<p class=\"has-text-align-left\"><br><strong>Flugrelativit\u00e4t<\/strong> \u2013 Deception flights.<strong> <\/strong><\/p>\n\n\n\n<p class=\"has-text-align-left\"><strong>Stephan Andreae<\/strong> \u00fcber Vogelflugh\u00e4fen.<\/p>\n\n\n\n<p class=\"has-text-align-left\"><br><strong>The Company<\/strong> \u2013 Ingold Universal Enterprises und<br>Ingold Airlines. Strategien und Beteiligungsmodelle.<\/p>\n\n\n\n<p><\/p>\n\n\n\n<figure class=\"wp-block-image size-large is-resized\"><img loading=\"lazy\" decoding=\"async\" width=\"389\" height=\"550\" src=\"https:\/\/www.ingolduniversal.com\/wp-content\/uploads\/2025\/02\/bird-connect-389x550.jpg\" alt=\"\" class=\"wp-image-3462\" style=\"width:182px;height:auto\" srcset=\"https:\/\/www.ingolduniversal.com\/wp-content\/uploads\/2025\/02\/bird-connect-389x550.jpg 389w, https:\/\/www.ingolduniversal.com\/wp-content\/uploads\/2025\/02\/bird-connect-212x300.jpg 212w, https:\/\/www.ingolduniversal.com\/wp-content\/uploads\/2025\/02\/bird-connect.jpg 848w\" sizes=\"auto, (max-width: 389px) 100vw, 389px\" \/><\/figure>\n","protected":false},"excerpt":{"rendered":"<p>fliege, was fliegen kann. Ein Buch \u00fcber Kunst und das Fliegen im Anthropoz\u00e4n.232 Seiten 21 x 26 cm 170 BilderSubskriptionsangebot 30,- Eurobis 12.April 2025 (plus Versand)danach 38,- Euro Ingold Universal Editions ISBN 978-3-00-081730-4 Res Ingold K\u00f6ln 2025 Fliegen als \u00dcberwindung von Sachzw\u00e4ngen und Limits, sowie als Motiv f\u00fcr k\u00fcnstlerische Inspiration. Eine Revue durch die Geschichte [&hellip;]<\/p>\n","protected":false},"author":1,"featured_media":0,"parent":7,"menu_order":3,"comment_status":"closed","ping_status":"closed","template":"","meta":{"footnotes":""},"class_list":["post-3440","page","type-page","status-publish","hentry"],"_links":{"self":[{"href":"https:\/\/www.ingolduniversal.com\/index.php?rest_route=\/wp\/v2\/pages\/3440","targetHints":{"allow":["GET"]}}],"collection":[{"href":"https:\/\/www.ingolduniversal.com\/index.php?rest_route=\/wp\/v2\/pages"}],"about":[{"href":"https:\/\/www.ingolduniversal.com\/index.php?rest_route=\/wp\/v2\/types\/page"}],"author":[{"embeddable":true,"href":"https:\/\/www.ingolduniversal.com\/index.php?rest_route=\/wp\/v2\/users\/1"}],"replies":[{"embeddable":true,"href":"https:\/\/www.ingolduniversal.com\/index.php?rest_route=%2Fwp%2Fv2%2Fcomments&post=3440"}],"version-history":[{"count":21,"href":"https:\/\/www.ingolduniversal.com\/index.php?rest_route=\/wp\/v2\/pages\/3440\/revisions"}],"predecessor-version":[{"id":3470,"href":"https:\/\/www.ingolduniversal.com\/index.php?rest_route=\/wp\/v2\/pages\/3440\/revisions\/3470"}],"up":[{"embeddable":true,"href":"https:\/\/www.ingolduniversal.com\/index.php?rest_route=\/wp\/v2\/pages\/7"}],"wp:attachment":[{"href":"https:\/\/www.ingolduniversal.com\/index.php?rest_route=%2Fwp%2Fv2%2Fmedia&parent=3440"}],"curies":[{"name":"wp","href":"https:\/\/api.w.org\/{rel}","templated":true}]}}