{"id":382,"date":"2009-06-14T15:40:58","date_gmt":"2009-06-14T13:40:58","guid":{"rendered":"http:\/\/www.ingolduniversal.com\/?page_id=382"},"modified":"2011-12-09T19:07:11","modified_gmt":"2011-12-09T17:07:11","slug":"references","status":"publish","type":"page","link":"https:\/\/www.ingolduniversal.com\/?page_id=382","title":{"rendered":"references"},"content":{"rendered":"<p style=\"text-align: left;\"><strong>ingold universal enterprises<\/strong>, 240 Seiten, ELK Verlagsgesellschaft K\u00f6ln, ISBN 978-3-933357-40-3, Autoren: Walter Grasskamp, Stefan R\u00f6mer, Res Ingold<br \/>\n<strong>ingold airlines<\/strong>, 260 Seiten, Quantum books, Zeppelin Museum<br \/>\nFriedrichshafen GmbH, ISBN 3-935293-02-X, Autoren: Dirk Bl\u00fcbaum, Urs Faes, Walter Grasskamp, Res Ingold, Thomas Kirschning, Wolfgang Meigh\u00f6rner, Gregor Podnar, Stefan R\u00f6mer, Volker Schacht<\/p>\n<p style=\"text-align: left;\"><strong>Gesch\u00e4ftsbericht 1998<\/strong> INGOLD AIRLINES\u00a0 24 Seiten Deutsch, Asmuth Verlag K\u00f6ln, ISBN 3-9804742-6-7<br \/>\n<strong>Gesch\u00e4ftsbericht 1995<\/strong> INGOLD AIRLINES\u00a0 24 Seiten Deutsch, Asmuth Verlag K\u00f6ln, ISBN 3-9804742-1-6<br \/>\n<strong>Business Report 1991<\/strong> INGOLD AIRLINES\u00a0 16 Seiten Deutsch und Englisch &#8211; Herausgeber: Galerie TORCH, Amsterdam, ISBN 90-73920-02-7<br \/>\n<strong>Gesch\u00e4ftsbericht 1987<\/strong> INGOLD AIRLINES\u00a0 20 Seiten Deutsch und Englisch &#8211; Aktionsgesellschaft f\u00fcr internationalen Luftverkehr, Verlag &#8222;Der Bund&#8220;, Bern, Herrausgeber: Schweizer Kulturstiftung PRO HELVETIA, Z\u00fcrich<br \/>\n<strong>ingold airlines news<\/strong> 1991 -1999\u00a0 Aperiodikum<\/p>\n<p><strong><a href=\"http:\/\/www.artbook.com\/blog-interview-robbins.html\" target=\"_blank\">Concrete Comedy<\/a><\/strong> &#8211; An Alternative History of Twenieth-Century Comedy, David Robbins, Pork Salad Press, ISBN 978-87-91409-58-5<\/p>\n<p style=\"text-align: left;\"><strong>Kunst-Geschichten <\/strong>&#8211; Die Sammlung des Arp Museums Bahnhof Rolandseck 1987-2009, Richter Verlag, ISBN 978-3-941263-08-6<\/p>\n<p style=\"text-align: left;\">Yann Toma, Rosemarie Barrientos, <strong><a href=\"http:\/\/art-flux.univ-paris1.fr\/spip.php?article202\" target=\"_blank\">Les Entreprises Critiques<\/a><\/strong>, art+flux &#8211; CERAP Editions\u00a0 2009, ISBN 9-782912-808141<br \/>\nSusanne Greinke, Natalja Schweizer, Verlag f\u00fcr moderne Kunst N\u00fcrnberg, <strong>\u00dcberall ist es besser, wo wir nicht sind<\/strong>, Hochschule f\u00fcr Bildende K\u00fcnste Dresden, 2008, ISBN 978-3-940748-24-9<br \/>\nHeinrich Gartentor, Konrad Tobler, <strong>Historischer Autofriedhof G\u00fcrbetal<\/strong>, Kaufdorf (Schweiz) 2008, Editions Jordi, ISBN 3-906562-38-7<br \/>\nAlba d&#8217;Urbano, <strong>Eine Frage (nach) der Geste<\/strong>, HGB Leipzig, Fotohof Edition 2008, ISBN 978-3-901756-91-7<br \/>\nDr. Martin Henatsch, Herbert-Gerisch-Stiftung, <strong>Gerisch-Skulpturenpark<\/strong>, Wachholz-Verlag 2007, ISBN 978-3-529-05181-4<br \/>\nBrigitte Biehl, Campus Verlag, <strong>Business ist Showbusiness<\/strong>, EAN 9783593384726, 2007<br \/>\nMarco Trulli, Hrsg. <strong>La Serpara<\/strong>, Der Garten von Paul Wiedmer ISBN 978-3-936636-02-4, 2007<br \/>\nartcanal fluid, 2006<br \/>\nDolores Denaro, Verlag f\u00fcr moderne Kunst N\u00fcrnberg, <strong>BRANDING,<\/strong> ISBN 978-3-938821-45-9<br \/>\nSchweizerisches Institut f\u00fcr Kunstwissenschaft, <strong>Art &amp; branding<\/strong>, ISBN 3-908196-40-X<br \/>\nPetra Noll, <strong>Kunst ist, wenn man trotzdem lacht<\/strong>. Ausstellungskat. Schloss Eggenfelden, 2004<br \/>\nBulletin 2\/04 des Schweizerischen Instituts f\u00fcr Kunstwissenschaft, ISSN 1660-2943 &#8211; <strong>art &amp; branding<\/strong><br \/>\nStephan Trescher, DuMont 2003, <strong>Schnellkurs Kunst der Gegenwart<\/strong>, ISBN 3-8381-7609-8<br \/>\nBaureferat der Landeshauptstadt M\u00fcnchen 2003 &#8211;\u00a0 Verlag f\u00fcr moderne Kunst N\u00fcrnberg &#8211; <strong>quivid<\/strong> &#8211; ISBN 3-936711-04-6<br \/>\nMonika Brunner, <strong>Revolver<\/strong>-Archiv f\u00fcr aktuelle Kunst, Frankfurt a.M.\u00a0 2002, ISBN 3-93482-57-2<br \/>\nKarin Thomas, Dumont, <strong>Kunst in Deutschland seit 1945<\/strong>, 2002, ISBN 3-8321-7179-7<br \/>\n<strong>art canal<\/strong>, Schweiz 2002, ISBN 3-9522353-4-2<br \/>\n<strong>Kopfreisen<\/strong>,\u00a0 Seedamm Zentrum Pf\u00e4ffikon\/CH, Kunstmuseum Bern &#8211; Herausgeber: Daniel Baumann,<br \/>\n<strong>Stazione di Topol\u00f2<\/strong>, arte clandestina, Grimacco-UD, Katalog 2002 <span style=\"color: #ff0000;\">* <\/span><br \/>\n<strong>Plan Camp 01<\/strong>, Herausgeber: Stadt K\u00f6ln und plan projekt GmbH 2002<br \/>\n<strong>Public Art<\/strong>: Kunst im \u00f6ffentlichen Raum \/Hrsg. Florian Matzner Ostfildern-Ruit: Hatje Cantz 2001, ISBN 3-7757-9073-X<br \/>\n<strong>Das 5. Element<\/strong>, Geld oder Kunst &#8211; Kunsthalle D\u00fcsseldorf &#8211; J\u00fcrgen Harten, DuMont 2000<br \/>\n<strong>Stazione di Topol\u00f2<\/strong>, arte clandestina, Grimacco-UD, Katalog 2001 <span style=\"color: #ff0000;\">* <\/span><br \/>\n<strong>Hors Sol<\/strong> &#8211; Poster Actions in Switzerland, Herausgeber Bettina Richter, Museum f\u00fcr Gestaltung Z\u00fcrich, Lars M\u00fcller Publ. 2001, ISBN 3-907078-54-3<br \/>\n<strong>ein\/r\u00e4umen<\/strong>-Arbeiten im Museum, Herausgeber: Hamburger Kunsthalle 2001, Frank Barth, Hatje Cantz Verlag, ISBN 3-7757-9055-1<br \/>\n<strong>Air en Forme<\/strong> &#8211; Herausgeber: Chantal Prod&#8217;Hom, mus\u00e9e de design et arts appliqu\u00e9s contemporeains, Lausanne 2000, ISBN 2-88244-005-7<br \/>\n<strong>Stazione di Topol\u00f2<\/strong>, arte clandestina, Grimacco-UD, Katalog 2000<span style=\"color: #ff0000;\">* <\/span><br \/>\n<strong>F\u00fcnfzig Jahre<\/strong>, Herausgeber : Kunstverein Ruhr e.V.2000, Claudia Heinrich, Peter Friese, ISBN 3-9803846-9-1 <span style=\"color: #ff0000;\">* <\/span><br \/>\n<strong>City Index<\/strong>: Recherchen im urbanen Raum, Verlag der Kunst Dresden, Redaktion: Harald Kunde, Claudia Reichardt,<br \/>\nTorsten Birne, Peter Dittmann, 2000, ISBN 90-5705-162-1<br \/>\n<strong>Kunstprojekte Riem<\/strong> &#8211; stadtmarken 2000<br \/>\nStefan R\u00f6mer &#8211; <strong>K\u00fcnstlerische Strategien des Fake<\/strong>. Kritik von Original und F\u00e4lschung &#8211; DuMont 2001 &#8211; ISBN 3-7701-5532-7<br \/>\nInstitut f\u00fcr moderne Kunst N\u00fcrnberg, Jahrbuch &#8217;01&#8217;02 &#8211; <strong>URTUX<\/strong> &#8211; Beitrag von Stefan Trescher &#8211; ISBN 3-933096-70-7<br \/>\n<strong>Medien Kunst<\/strong> &#8211; Die 80er und 90er Jahre, Rudolf Frieling, Dieter Daniels, CD Rom Goethe Institut und ZKM<br \/>\n<strong>Der Helix-Hochbau<\/strong>, Kunsthaus Essen-Verlag 1996, Claudia Heinrich, ISBN: 3-931201-05-8<br \/>\n<strong>Lenti katalog 1998,<\/strong> Galerija Skuc, Gregor Podnar, ISSN 1318-6612<br \/>\n<strong>Kunst und Papier auf dem Laufsteg<\/strong>, D. Guggenheim Berlin 1998<br \/>\n<strong>De Kunst van het credit management<\/strong>, Craydon credit, management services, Amsterdam 1998<br \/>\n<strong>Museum Vitale<\/strong>, Museum Morsbroich Leverkusen, Herausgeber: Susanne Anna\/Canz Verlag\u00a0 ISBN 3-89322-918-3<br \/>\nGuide Vodic &#8211; <strong>Cetinjski Bijenale III<\/strong>, Herausgeber: Nikola Petrovic Njegos, Jean Hubert Martin, Andrei Erofeev, 1996<br \/>\nKunst in der \u00d6ffentlichkeit, Peter Lang Verlag 1996 &#8211; Anette Tietenberg<strong>&#8222;integrale Projekte&#8220;<\/strong><br \/>\n<strong>Lenti katalog 1996,<\/strong> Galerija Skuc, Gregor Podnar,ISSN 1318-6612<br \/>\n<strong>Sehsucht<\/strong>, Schriftenreihe Band 4\u00a0 1995, Herausgeber: Kunst- und Ausstellungshalle der Bundesrepublik Deutschland, Uta Brandes, Bernd Busch<br \/>\n<strong>M\u00f4tiers 1995-art en plein air<\/strong>, Marc-Olivier Wahler, Editions Acatos, Lausanne\/Paris 1995 <span style=\"color: #ff0000;\">* <\/span><br \/>\nGalerija Anonimus, Ljubljana &#8211; <strong>Anonimus Edition 1995<\/strong><br \/>\n<strong>Fliegen-Flug-Reisen<\/strong>, Kunstverein Langenhagen\u00a0 1995, Herausgeber: Veronika Olbrich<span style=\"color: #ff0000;\">* <\/span><br \/>\n<strong>RAM<\/strong>&#8211; Realit\u00e4t, Anspruch, Medium, Herausgeber: Kunstfonds e.V. Bonn 1995 <span style=\"color: #ff0000;\">* <\/span><br \/>\n<strong>Die Preistr\u00e4ger des eidgen\u00f6ssischen Kunststipendiums 1993<\/strong>, Herausgeber: Bundesamt f\u00fcr Kultur, 1994<br \/>\n<strong>Kunst im Weltma\u00dfstab<\/strong> &#8211; Kunsthalle zu Kiel 1993, Herausgeber: Hans-Werner Schmidt, Eichborn Verlag, ISBN 3-923701-61-6<br \/>\n<strong>Gr\u00f6ssenwahn<\/strong> Kunstobjekte f\u00fcr Europa, Hg. Gabriele Lindinger und Karlheinz Schmid. ISBN: 3929970031<br \/>\n<strong>fliegzeug<\/strong> &#8211; Jolanda Bucher1993, Herausgeber: Kunsthaus Langenthal, CH<br \/>\n<strong>Comodato<\/strong>, Museo Oklahoma &#8211; Aldo Spoldi, Loredana Parmesani, Frans Hacks, Herausgeber: Centro Culturale S.Agostino, Citta di Crema 1993<br \/>\n<strong>medialismo<\/strong>, Gabriele Perretta, Giancarlo Politi Editore 1993, ISBN 88-7816-054-7<br \/>\n<strong>Il faut construire l&#8217;hacienda<\/strong>, Eric Troncy\/Nicolas Bourriaud,\u00a0 Herausgeber: CCC Tours\/F, Alain-Julien Lafferi\u00e8re, ISBN 2-906304-01-8<br \/>\n<strong>&#8222;art meets ads&#8220;<\/strong>, Kunsthalle D\u00fcsseldorf, Herausgeber: J\u00fcrgen Harten, Michael Schirner, Edition Cantz 1992, ISBN 3-89322-591-9<br \/>\n<strong>Das Zeichensystem von Ingold Airlines<\/strong>, Hartmut N\u00e4gele (Prof.Dr. H.Kroehl) 1992<br \/>\n<strong>Grenzerfahrungen<\/strong>: Schweizer Wissenschaftler, Journalisten und K\u00fcnstler in Deutschland &#8211; Herausgeber: Peter R\u00fcck, Marburg an der Lahn &#8211; Basilisken Presse 1991, ISBN 3-925347-16-X<br \/>\n<strong>Een visie op vliegen<\/strong> &#8211; 60 jaar\u00a0 Rijksluchtvaartdienst<br \/>\n<strong>Biennale di Venezia\u00a0 General Catalogue 1990<\/strong>, Fabbri Editori<br \/>\nKunstforum international, Band 91: <strong>REALKUNST &#8211; REALIT\u00c4TSK\u00dcNSTE<\/strong>, Hrsg. Thomas Wulffen 1987<br \/>\n<strong>For real now<\/strong> &#8211; Katalog de Achterstraat Hoorn, Nl, 1.Juli 1990 &#8211; Ijsbrand van Veelen, Vincent Vlasblom<br \/>\n<strong>Parallel Views<\/strong>, N.V. Nederlandse Spoorwegen + Arti et Amicitiae, Amsterdam 1989, A. van der Have, Jaap Witzenhausen<br \/>\n<strong>Hamburg Projekt 1989<\/strong>, Kulturbeh\u00f6rde Hamburg 1989<br \/>\n<strong>D&amp;S <\/strong>Ausstellung, Frank Barth, Thomas Wulffen, Hrsg. Kunstverein in Hamburg, J\u00fcrgen Schweinebraden Freiherr von Wichmann-Eichborn, 1989<br \/>\nApex Nr 3\/88 (Wolfgang Schulz, K\u00f6ln), Nona Nyffeler \u00fcber <strong>Ingold Airlines<\/strong><br \/>\n<strong>B\u00fcro Berlin<\/strong> &#8211; Produktionsbegriff, Raimund Kummer, Hermann Pitz, Fritz Rahmann, Hrsg. K\u00fcnstlerhaus Bethanien, Berlin 1986, ISBN 3-923479-09-3<br \/>\n<strong>Lokaltermin Atelier<\/strong> &#8211; Fred Zaugg, Alexander Egger, Hrsg: Bernische Kunstgesellschaft 1986, ISBN 3-905161-01-X<br \/>\n<strong>Mit erweitertem Auge<\/strong>-Berner K\u00fcnstler und die Fotografie, Herausgeber: Berner Kunstmuseum, Stefan Frey, Benteli Verlag Bern 1986, ISBN 3-7165-0542-0<br \/>\n<strong>Der Blaue Berg<\/strong>, Ausgabe 12, 1984, Herausgeber: Cl. Sandoz<br \/>\n<strong>FRI-ART 81<\/strong>, Katalog , Fribourg\/CH<br \/>\n<strong>Vor dem Abbruch<\/strong>, Kunstmuseum Bern 1981<br \/>\n<strong>Der Blaue Berg<\/strong>, Ausgabe 8, 1981, Herausg: Claude Sandoz<br \/>\n<strong>De Vleeshal<\/strong>, Middelburg\/NL- Installaties, Herausgeber: William Verstraeten, Lydia Megert 1981<\/p>\n<p style=\"text-align: left;\"><span style=\"color: #ff0000;\">* mit freundlicher Unterst\u00fctzung <span style=\"color: #000000;\">von ingold airlines<\/span><\/span><\/p>\n<p style=\"text-align: left;\"><em><span style=\"color: #ff0000;\">* sponsored <span style=\"color: #000000;\">by ingold airlines<\/span><\/span><\/em><\/p>\n","protected":false},"excerpt":{"rendered":"<p>ingold universal enterprises, 240 Seiten, ELK Verlagsgesellschaft K\u00f6ln, ISBN 978-3-933357-40-3, Autoren: Walter Grasskamp, Stefan R\u00f6mer, Res Ingold ingold airlines, 260 Seiten, Quantum books, Zeppelin Museum Friedrichshafen GmbH, ISBN 3-935293-02-X, Autoren: Dirk Bl\u00fcbaum, Urs Faes, Walter Grasskamp, Res Ingold, Thomas Kirschning, Wolfgang Meigh\u00f6rner, Gregor Podnar, Stefan R\u00f6mer, Volker Schacht Gesch\u00e4ftsbericht 1998 INGOLD AIRLINES\u00a0 24 Seiten Deutsch, [&hellip;]<\/p>\n","protected":false},"author":1,"featured_media":0,"parent":61,"menu_order":0,"comment_status":"closed","ping_status":"closed","template":"","meta":{"footnotes":""},"class_list":["post-382","page","type-page","status-publish","hentry"],"_links":{"self":[{"href":"https:\/\/www.ingolduniversal.com\/index.php?rest_route=\/wp\/v2\/pages\/382","targetHints":{"allow":["GET"]}}],"collection":[{"href":"https:\/\/www.ingolduniversal.com\/index.php?rest_route=\/wp\/v2\/pages"}],"about":[{"href":"https:\/\/www.ingolduniversal.com\/index.php?rest_route=\/wp\/v2\/types\/page"}],"author":[{"embeddable":true,"href":"https:\/\/www.ingolduniversal.com\/index.php?rest_route=\/wp\/v2\/users\/1"}],"replies":[{"embeddable":true,"href":"https:\/\/www.ingolduniversal.com\/index.php?rest_route=%2Fwp%2Fv2%2Fcomments&post=382"}],"version-history":[{"count":13,"href":"https:\/\/www.ingolduniversal.com\/index.php?rest_route=\/wp\/v2\/pages\/382\/revisions"}],"predecessor-version":[{"id":2222,"href":"https:\/\/www.ingolduniversal.com\/index.php?rest_route=\/wp\/v2\/pages\/382\/revisions\/2222"}],"up":[{"embeddable":true,"href":"https:\/\/www.ingolduniversal.com\/index.php?rest_route=\/wp\/v2\/pages\/61"}],"wp:attachment":[{"href":"https:\/\/www.ingolduniversal.com\/index.php?rest_route=%2Fwp%2Fv2%2Fmedia&parent=382"}],"curies":[{"name":"wp","href":"https:\/\/api.w.org\/{rel}","templated":true}]}}