{"id":61,"date":"2009-05-25T13:39:12","date_gmt":"2009-05-25T11:39:12","guid":{"rendered":"http:\/\/www.ingolduniversal.com\/?page_id=61"},"modified":"2023-07-07T18:27:55","modified_gmt":"2023-07-07T16:27:55","slug":"res-2","status":"publish","type":"page","link":"https:\/\/www.ingolduniversal.com\/?page_id=61","title":{"rendered":"titolare"},"content":{"rendered":"<div id=\"attachment_903\" style=\"width: 310px\" class=\"wp-caption alignnone\"><a href=\"https:\/\/www.ingolduniversal.com\/wp-content\/uploads\/2009\/05\/ingold-airlines_0015.jpg\"><img loading=\"lazy\" decoding=\"async\" aria-describedby=\"caption-attachment-903\" class=\"size-medium wp-image-903\" title=\"ingold-airlines_0015_foto rainer rosenow\" src=\"https:\/\/www.ingolduniversal.com\/wp-content\/uploads\/2009\/05\/ingold-airlines_0015-300x200.jpg\" alt=\"50 years ingold airlines - KAH Bonn 2008\" width=\"300\" height=\"200\" srcset=\"https:\/\/www.ingolduniversal.com\/wp-content\/uploads\/2009\/05\/ingold-airlines_0015-300x200.jpg 300w, https:\/\/www.ingolduniversal.com\/wp-content\/uploads\/2009\/05\/ingold-airlines_0015-550x366.jpg 550w, https:\/\/www.ingolduniversal.com\/wp-content\/uploads\/2009\/05\/ingold-airlines_0015.jpg 1536w\" sizes=\"auto, (max-width: 300px) 100vw, 300px\" \/><\/a><p id=\"caption-attachment-903\" class=\"wp-caption-text\">50 years ingold airlines &#8211; KAH Bonn 2008<\/p><\/div>\n<p style=\"text-align: left;\"><strong>Res Ingold<\/strong><\/p>\n<p>19.04.1954 in Burgdorf, Schweiz.<br \/>\nGr\u00fcnder und Inhaber von Ingold Airlines, Aktiengesellschaft f\u00fcr internationalen Luftverkehr, K\u00f6ln<br \/>\nund seit 2002 Vorsitz im Aufsichtsrat der Holdinggesellschaft Ingold Universal Enterprises.<br \/>\n1995 &#8211; 2020 Professor f\u00fcr interdisziplin\u00e4re Projekte an der Akademie der Bildenden K\u00fcnste M\u00fcnchen<br \/>\nWohnt in K\u00f6ln (D) und Montecchio (I), ist verheiratet mit der TV Autorin Monika Schuck.<\/p>\n<p style=\"text-align: left;\">Alle Projekte und Bilder \u00a9 Res Ingold, VG Bild<\/p>\n<address style=\"text-align: left;\"><em>Born 1954 in Switzerland<br \/>\n<\/em><\/address>\n<address style=\"text-align: left;\"><em>founder and owner of <strong>ingold airlines<\/strong>, corporation for international air traffic, Cologne (1982-2002 executive board chairmanship) <\/em><em>and the holding company <strong>ingold universal enterprises<\/strong> ( since 2002 chairmen of the supervisory board ) <\/em><\/address>\n<p style=\"text-align: left;\"><em>1995 &#8211; 2020 professor for interdisciplinary projects at the academy of fine arts Munich. Lives in Cologne(Germany) and Montecchio\/TR (Italy), is married with the TV author Monika Schuck.<br \/>\n<\/em><\/p>\n<p style=\"text-align: left;\"><em>\u00a0<\/em><\/p>\n","protected":false},"excerpt":{"rendered":"<p>Res Ingold 19.04.1954 in Burgdorf, Schweiz. Gr\u00fcnder und Inhaber von Ingold Airlines, Aktiengesellschaft f\u00fcr internationalen Luftverkehr, K\u00f6ln und seit 2002 Vorsitz im Aufsichtsrat der Holdinggesellschaft Ingold Universal Enterprises. 1995 &#8211; 2020 Professor f\u00fcr interdisziplin\u00e4re Projekte an der Akademie der Bildenden K\u00fcnste M\u00fcnchen Wohnt in K\u00f6ln (D) und Montecchio (I), ist verheiratet mit der TV Autorin [&hellip;]<\/p>\n","protected":false},"author":1,"featured_media":0,"parent":4,"menu_order":30,"comment_status":"closed","ping_status":"closed","template":"","meta":{"footnotes":""},"class_list":["post-61","page","type-page","status-publish","hentry"],"_links":{"self":[{"href":"https:\/\/www.ingolduniversal.com\/index.php?rest_route=\/wp\/v2\/pages\/61","targetHints":{"allow":["GET"]}}],"collection":[{"href":"https:\/\/www.ingolduniversal.com\/index.php?rest_route=\/wp\/v2\/pages"}],"about":[{"href":"https:\/\/www.ingolduniversal.com\/index.php?rest_route=\/wp\/v2\/types\/page"}],"author":[{"embeddable":true,"href":"https:\/\/www.ingolduniversal.com\/index.php?rest_route=\/wp\/v2\/users\/1"}],"replies":[{"embeddable":true,"href":"https:\/\/www.ingolduniversal.com\/index.php?rest_route=%2Fwp%2Fv2%2Fcomments&post=61"}],"version-history":[{"count":38,"href":"https:\/\/www.ingolduniversal.com\/index.php?rest_route=\/wp\/v2\/pages\/61\/revisions"}],"predecessor-version":[{"id":3342,"href":"https:\/\/www.ingolduniversal.com\/index.php?rest_route=\/wp\/v2\/pages\/61\/revisions\/3342"}],"up":[{"embeddable":true,"href":"https:\/\/www.ingolduniversal.com\/index.php?rest_route=\/wp\/v2\/pages\/4"}],"wp:attachment":[{"href":"https:\/\/www.ingolduniversal.com\/index.php?rest_route=%2Fwp%2Fv2%2Fmedia&parent=61"}],"curies":[{"name":"wp","href":"https:\/\/api.w.org\/{rel}","templated":true}]}}